{"id":288,"date":"2018-11-27T09:17:08","date_gmt":"2018-11-27T09:17:08","guid":{"rendered":"https:\/\/websitedemos.net\/discover-outdoors\/?page_id=5"},"modified":"2020-06-14T22:53:49","modified_gmt":"2020-06-14T22:53:49","slug":"about","status":"publish","type":"page","link":"https:\/\/urzualeal.com\/index.php\/about\/","title":{"rendered":"About"},"content":{"rendered":"\t\t<div data-elementor-type=\"wp-post\" data-elementor-id=\"288\" class=\"elementor elementor-288\">\n\t\t\t\t\t\t\t\t\t<section class=\"elementor-section elementor-top-section elementor-element elementor-element-d7d8b56 elementor-section-boxed elementor-section-height-default elementor-section-height-default\" data-id=\"d7d8b56\" data-element_type=\"section\" data-settings=\"{&quot;background_background&quot;:&quot;classic&quot;}\">\n\t\t\t\t\t\t\t<div class=\"elementor-background-overlay\"><\/div>\n\t\t\t\t\t\t\t<div class=\"elementor-container elementor-column-gap-default\">\n\t\t\t\t\t<div class=\"elementor-column elementor-col-33 elementor-top-column elementor-element elementor-element-b3d335b\" data-id=\"b3d335b\" data-element_type=\"column\">\n\t\t\t<div class=\"elementor-widget-wrap\">\n\t\t\t\t\t\t\t\t\t<\/div>\n\t\t<\/div>\n\t\t\t\t<div class=\"elementor-column elementor-col-33 elementor-top-column elementor-element elementor-element-fd69444\" data-id=\"fd69444\" data-element_type=\"column\">\n\t\t\t<div class=\"elementor-widget-wrap elementor-element-populated\">\n\t\t\t\t\t\t\t\t<div class=\"elementor-element elementor-element-1ff413a elementor-widget elementor-widget-icon-box\" data-id=\"1ff413a\" data-element_type=\"widget\" data-widget_type=\"icon-box.default\">\n\t\t\t\t<div class=\"elementor-widget-container\">\n\t\t\t\t\t<div class=\"elementor-icon-box-wrapper\">\n\t\t\t\t\t\t<div class=\"elementor-icon-box-content\">\n\t\t\t\t<h1 class=\"elementor-icon-box-title\">\n\t\t\t\t\t<span  >\n\t\t\t\t\t\t\u00bfQUI\u00c9NES SOMOS?\t\t\t\t\t<\/span>\n\t\t\t\t<\/h1>\n\t\t\t\t\t\t\t<\/div>\n\t\t<\/div>\n\t\t\t\t<\/div>\n\t\t\t\t<\/div>\n\t\t\t\t\t<\/div>\n\t\t<\/div>\n\t\t\t\t<div class=\"elementor-column elementor-col-33 elementor-top-column elementor-element elementor-element-674669b\" data-id=\"674669b\" data-element_type=\"column\">\n\t\t\t<div class=\"elementor-widget-wrap\">\n\t\t\t\t\t\t\t\t\t<\/div>\n\t\t<\/div>\n\t\t\t\t\t\t\t<\/div>\n\t\t<\/section>\n\t\t\t\t<section class=\"elementor-section elementor-top-section elementor-element elementor-element-5c40d7b elementor-section-boxed elementor-section-height-default elementor-section-height-default\" data-id=\"5c40d7b\" data-element_type=\"section\">\n\t\t\t\t\t\t<div class=\"elementor-container elementor-column-gap-default\">\n\t\t\t\t\t<div class=\"elementor-column elementor-col-50 elementor-top-column elementor-element elementor-element-2ebbf9c\" data-id=\"2ebbf9c\" data-element_type=\"column\">\n\t\t\t<div class=\"elementor-widget-wrap elementor-element-populated\">\n\t\t\t\t\t\t\t\t<div class=\"elementor-element elementor-element-fe195c7 elementor-widget elementor-widget-heading\" data-id=\"fe195c7\" data-element_type=\"widget\" data-widget_type=\"heading.default\">\n\t\t\t\t<div class=\"elementor-widget-container\">\n\t\t\t<h2 class=\"elementor-heading-title elementor-size-default\">KARINA LEAL<\/h2>\t\t<\/div>\n\t\t\t\t<\/div>\n\t\t\t\t<div class=\"elementor-element elementor-element-dc051dd elementor-widget-divider--view-line elementor-widget elementor-widget-divider\" data-id=\"dc051dd\" data-element_type=\"widget\" data-widget_type=\"divider.default\">\n\t\t\t\t<div class=\"elementor-widget-container\">\n\t\t\t\t\t<div class=\"elementor-divider\">\n\t\t\t<span class=\"elementor-divider-separator\">\n\t\t\t\t\t\t<\/span>\n\t\t<\/div>\n\t\t\t\t<\/div>\n\t\t\t\t<\/div>\n\t\t\t\t<div class=\"elementor-element elementor-element-e5f497e elementor-widget elementor-widget-text-editor\" data-id=\"e5f497e\" data-element_type=\"widget\" data-widget_type=\"text-editor.default\">\n\t\t\t\t<div class=\"elementor-widget-container\">\n\t\t\t\t\t\t\t<p>2O A\u00d1OS EJERCIENDO PROFESIONALMENTE\u00a0<\/p>\t\t\t\t\t\t<\/div>\n\t\t\t\t<\/div>\n\t\t\t\t<div class=\"elementor-element elementor-element-f96c87e elementor-icon-list--layout-traditional elementor-list-item-link-full_width elementor-widget elementor-widget-icon-list\" data-id=\"f96c87e\" data-element_type=\"widget\" data-widget_type=\"icon-list.default\">\n\t\t\t\t<div class=\"elementor-widget-container\">\n\t\t\t\t\t<ul class=\"elementor-icon-list-items\">\n\t\t\t\t\t\t\t<li class=\"elementor-icon-list-item\">\n\t\t\t\t\t\t\t\t\t\t\t<span class=\"elementor-icon-list-icon\">\n\t\t\t\t\t\t\t<i aria-hidden=\"true\" class=\"fas fa-minus\"><\/i>\t\t\t\t\t\t<\/span>\n\t\t\t\t\t\t\t\t\t\t<span class=\"elementor-icon-list-text\"><div><span style=\"font-size: 16px; font-style: normal; white-space: normal;\">Egresada de la Universidad de Guadalajara<\/span><span style=\"font-size: 16px;\"><\/span><\/div><\/span>\n\t\t\t\t\t\t\t\t\t<\/li>\n\t\t\t\t\t\t\t\t<li class=\"elementor-icon-list-item\">\n\t\t\t\t\t\t\t\t\t\t\t<span class=\"elementor-icon-list-icon\">\n\t\t\t\t\t\t\t<i aria-hidden=\"true\" class=\"fas fa-minus\"><\/i>\t\t\t\t\t\t<\/span>\n\t\t\t\t\t\t\t\t\t\t<span class=\"elementor-icon-list-text\"><span style=\"font-size: 16px; font-style: normal; white-space: normal;\">Miembro del Colegio de Abogados \"Dionisio Nu\u00f1ez Verdin\" desde su creaci\u00f3n hasta la fecha.<\/span><\/span>\n\t\t\t\t\t\t\t\t\t<\/li>\n\t\t\t\t\t\t\t\t<li class=\"elementor-icon-list-item\">\n\t\t\t\t\t\t\t\t\t\t\t<span class=\"elementor-icon-list-icon\">\n\t\t\t\t\t\t\t<i aria-hidden=\"true\" class=\"fas fa-minus\"><\/i>\t\t\t\t\t\t<\/span>\n\t\t\t\t\t\t\t\t\t\t<span class=\"elementor-icon-list-text\"><span style=\"font-size: 16px; font-style: normal; white-space: normal;\">Con m\u00e1s de 21 diplomados validados por la Direcci\u00f3n de Profesiones del Estado de Jalisco, en materia Familiar y Sucesiones.<\/span><br><\/span>\n\t\t\t\t\t\t\t\t\t<\/li>\n\t\t\t\t\t\t\t\t<li class=\"elementor-icon-list-item\">\n\t\t\t\t\t\t\t\t\t\t\t<span class=\"elementor-icon-list-icon\">\n\t\t\t\t\t\t\t<i aria-hidden=\"true\" class=\"fas fa-check\"><\/i>\t\t\t\t\t\t<\/span>\n\t\t\t\t\t\t\t\t\t\t<span class=\"elementor-icon-list-text\"><span style=\"font-size: 16px; font-style: normal; white-space: normal;\">Tutris, Cuatriz y Albacea autorizada por el Consejo de la Judicatura del Estado de Jalisco.<\/span><br><br>lickleal@hotmail.com<span style=\"font-size: 16px; font-style: inherit; font-weight: inherit; color: rgb(76, 88, 99); white-space: pre-wrap; text-align: left; font-family: &quot;Noto Sans&quot;, sans-serif; background-color: rgb(255, 255, 255); display: inline !important; float: none;\"><\/span><\/span>\n\t\t\t\t\t\t\t\t\t<\/li>\n\t\t\t\t\t\t<\/ul>\n\t\t\t\t<\/div>\n\t\t\t\t<\/div>\n\t\t\t\t\t<\/div>\n\t\t<\/div>\n\t\t\t\t<div class=\"elementor-column elementor-col-50 elementor-top-column elementor-element elementor-element-e5fdae0\" data-id=\"e5fdae0\" data-element_type=\"column\">\n\t\t\t<div class=\"elementor-widget-wrap elementor-element-populated\">\n\t\t\t\t\t\t\t\t<div class=\"elementor-element elementor-element-96b5b53 elementor-widget elementor-widget-image\" data-id=\"96b5b53\" data-element_type=\"widget\" data-widget_type=\"image.default\">\n\t\t\t\t<div class=\"elementor-widget-container\">\n\t\t\t\t\t\t\t\t\t\t\t\t\t\t\t<img fetchpriority=\"high\" decoding=\"async\" width=\"823\" height=\"1024\" src=\"https:\/\/urzualeal.com\/wp-content\/uploads\/2019\/03\/Captura-de-pantalla-2019-03-25-a-las-23.18.45-e1592231943164-823x1024.png\" class=\"attachment-large size-large wp-image-423\" alt=\"\" srcset=\"https:\/\/urzualeal.com\/wp-content\/uploads\/2019\/03\/Captura-de-pantalla-2019-03-25-a-las-23.18.45-e1592231943164-823x1024.png 823w, https:\/\/urzualeal.com\/wp-content\/uploads\/2019\/03\/Captura-de-pantalla-2019-03-25-a-las-23.18.45-e1592231943164-241x300.png 241w, https:\/\/urzualeal.com\/wp-content\/uploads\/2019\/03\/Captura-de-pantalla-2019-03-25-a-las-23.18.45-e1592231943164-768x956.png 768w, https:\/\/urzualeal.com\/wp-content\/uploads\/2019\/03\/Captura-de-pantalla-2019-03-25-a-las-23.18.45-e1592231943164-1234x1536.png 1234w, https:\/\/urzualeal.com\/wp-content\/uploads\/2019\/03\/Captura-de-pantalla-2019-03-25-a-las-23.18.45-e1592231943164.png 1351w\" sizes=\"(max-width: 823px) 100vw, 823px\" \/>\t\t\t\t\t\t\t\t\t\t\t\t\t\t\t<\/div>\n\t\t\t\t<\/div>\n\t\t\t\t\t<\/div>\n\t\t<\/div>\n\t\t\t\t\t\t\t<\/div>\n\t\t<\/section>\n\t\t\t\t<section class=\"elementor-section elementor-top-section elementor-element elementor-element-935c6c1 elementor-section-boxed elementor-section-height-default elementor-section-height-default\" data-id=\"935c6c1\" data-element_type=\"section\">\n\t\t\t\t\t\t<div class=\"elementor-container elementor-column-gap-default\">\n\t\t\t\t\t<div class=\"elementor-column elementor-col-50 elementor-top-column elementor-element elementor-element-b7f21d1\" data-id=\"b7f21d1\" data-element_type=\"column\">\n\t\t\t<div class=\"elementor-widget-wrap elementor-element-populated\">\n\t\t\t\t\t\t\t\t<div class=\"elementor-element elementor-element-94fa189 elementor-widget elementor-widget-heading\" data-id=\"94fa189\" data-element_type=\"widget\" data-widget_type=\"heading.default\">\n\t\t\t\t<div class=\"elementor-widget-container\">\n\t\t\t<h2 class=\"elementor-heading-title elementor-size-default\">MARIO URZ\u00daA<\/h2>\t\t<\/div>\n\t\t\t\t<\/div>\n\t\t\t\t<div class=\"elementor-element elementor-element-d89d21e elementor-widget-divider--view-line elementor-widget elementor-widget-divider\" data-id=\"d89d21e\" data-element_type=\"widget\" data-widget_type=\"divider.default\">\n\t\t\t\t<div class=\"elementor-widget-container\">\n\t\t\t\t\t<div class=\"elementor-divider\">\n\t\t\t<span class=\"elementor-divider-separator\">\n\t\t\t\t\t\t<\/span>\n\t\t<\/div>\n\t\t\t\t<\/div>\n\t\t\t\t<\/div>\n\t\t\t\t<div class=\"elementor-element elementor-element-d2ebb57 elementor-widget elementor-widget-text-editor\" data-id=\"d2ebb57\" data-element_type=\"widget\" data-widget_type=\"text-editor.default\">\n\t\t\t\t<div class=\"elementor-widget-container\">\n\t\t\t\t\t\t\t<p>2O A\u00d1OS EJERCIENDO PROFESIONALMENTE\u00a0<\/p>\t\t\t\t\t\t<\/div>\n\t\t\t\t<\/div>\n\t\t\t\t<div class=\"elementor-element elementor-element-f505dc3 elementor-icon-list--layout-traditional elementor-list-item-link-full_width elementor-widget elementor-widget-icon-list\" data-id=\"f505dc3\" data-element_type=\"widget\" data-widget_type=\"icon-list.default\">\n\t\t\t\t<div class=\"elementor-widget-container\">\n\t\t\t\t\t<ul class=\"elementor-icon-list-items\">\n\t\t\t\t\t\t\t<li class=\"elementor-icon-list-item\">\n\t\t\t\t\t\t\t\t\t\t\t<span class=\"elementor-icon-list-icon\">\n\t\t\t\t\t\t\t<i aria-hidden=\"true\" class=\"fas fa-minus\"><\/i>\t\t\t\t\t\t<\/span>\n\t\t\t\t\t\t\t\t\t\t<span class=\"elementor-icon-list-text\">Experiencia en litigo en Derecho del Trabajo y de Empresa por m\u00e1s de 20 a\u00f1os,<\/span>\n\t\t\t\t\t\t\t\t\t<\/li>\n\t\t\t\t\t\t\t\t<li class=\"elementor-icon-list-item\">\n\t\t\t\t\t\t\t\t\t\t\t<span class=\"elementor-icon-list-icon\">\n\t\t\t\t\t\t\t<i aria-hidden=\"true\" class=\"fas fa-minus\"><\/i>\t\t\t\t\t\t<\/span>\n\t\t\t\t\t\t\t\t\t\t<span class=\"elementor-icon-list-text\">Licenciado en Derecho en IVEDL Enrique Diaz de Le\u00f3n<\/span>\n\t\t\t\t\t\t\t\t\t<\/li>\n\t\t\t\t\t\t\t\t<li class=\"elementor-icon-list-item\">\n\t\t\t\t\t\t\t\t\t\t\t<span class=\"elementor-icon-list-icon\">\n\t\t\t\t\t\t\t<i aria-hidden=\"true\" class=\"fas fa-minus\"><\/i>\t\t\t\t\t\t<\/span>\n\t\t\t\t\t\t\t\t\t\t<span class=\"elementor-icon-list-text\">Con maestr\u00eda en Derecho Comercial y de Empresa, maestrante en Derecho P\u00fablico, ambas por la Universidad Panamericana (UP)<\/span>\n\t\t\t\t\t\t\t\t\t<\/li>\n\t\t\t\t\t\t\t\t<li class=\"elementor-icon-list-item\">\n\t\t\t\t\t\t\t\t\t\t\t<span class=\"elementor-icon-list-icon\">\n\t\t\t\t\t\t\t<i aria-hidden=\"true\" class=\"fas fa-minus\"><\/i>\t\t\t\t\t\t<\/span>\n\t\t\t\t\t\t\t\t\t\t<span class=\"elementor-icon-list-text\">Posgrado en Contratos Civiles<\/span>\n\t\t\t\t\t\t\t\t\t<\/li>\n\t\t\t\t\t\t\t\t<li class=\"elementor-icon-list-item\">\n\t\t\t\t\t\t\t\t\t\t\t<span class=\"elementor-icon-list-icon\">\n\t\t\t\t\t\t\t<i aria-hidden=\"true\" class=\"fas fa-minus\"><\/i>\t\t\t\t\t\t<\/span>\n\t\t\t\t\t\t\t\t\t\t<span class=\"elementor-icon-list-text\">Posgrado en Sociedades Mercantiles<\/span>\n\t\t\t\t\t\t\t\t\t<\/li>\n\t\t\t\t\t\t\t\t<li class=\"elementor-icon-list-item\">\n\t\t\t\t\t\t\t\t\t\t\t<span class=\"elementor-icon-list-icon\">\n\t\t\t\t\t\t\t<i aria-hidden=\"true\" class=\"fas fa-minus\"><\/i>\t\t\t\t\t\t<\/span>\n\t\t\t\t\t\t\t\t\t\t<span class=\"elementor-icon-list-text\">Posgrado en Constitucional y Juicio de Amparo, todos en la Universidad Panamericana (UP)<\/span>\n\t\t\t\t\t\t\t\t\t<\/li>\n\t\t\t\t\t\t\t\t<li class=\"elementor-icon-list-item\">\n\t\t\t\t\t\t\t\t\t\t\t<span class=\"elementor-icon-list-icon\">\n\t\t\t\t\t\t\t<i aria-hidden=\"true\" class=\"fas fa-minus\"><\/i>\t\t\t\t\t\t<\/span>\n\t\t\t\t\t\t\t\t\t\t<span class=\"elementor-icon-list-text\">Diplomado en Medios Alternos y Justicia Restaurativa por el ITESO, certificaci\u00f3n en Mediaci\u00f3n ante el Instituto de Justicia Alternativa<\/span>\n\t\t\t\t\t\t\t\t\t<\/li>\n\t\t\t\t\t\t\t\t<li class=\"elementor-icon-list-item\">\n\t\t\t\t\t\t\t\t\t\t\t<span class=\"elementor-icon-list-icon\">\n\t\t\t\t\t\t\t<i aria-hidden=\"true\" class=\"fas fa-minus\"><\/i>\t\t\t\t\t\t<\/span>\n\t\t\t\t\t\t\t\t\t\t<span class=\"elementor-icon-list-text\">Director General del despacho jur\u00eddico Urz\u00faa &amp; Leal Abogados.<br><br><br>mario.urzua@urzualeal.com<\/span>\n\t\t\t\t\t\t\t\t\t<\/li>\n\t\t\t\t\t\t<\/ul>\n\t\t\t\t<\/div>\n\t\t\t\t<\/div>\n\t\t\t\t\t<\/div>\n\t\t<\/div>\n\t\t\t\t<div class=\"elementor-column elementor-col-50 elementor-top-column elementor-element elementor-element-e14fb5b\" data-id=\"e14fb5b\" data-element_type=\"column\">\n\t\t\t<div class=\"elementor-widget-wrap elementor-element-populated\">\n\t\t\t\t\t\t\t\t<div class=\"elementor-element elementor-element-48d9b17 elementor-widget elementor-widget-image\" data-id=\"48d9b17\" data-element_type=\"widget\" data-widget_type=\"image.default\">\n\t\t\t\t<div class=\"elementor-widget-container\">\n\t\t\t\t\t\t\t\t\t\t\t\t\t\t\t<img decoding=\"async\" width=\"1012\" height=\"1024\" src=\"https:\/\/urzualeal.com\/wp-content\/uploads\/2019\/03\/Captura-de-pantalla-2019-03-25-a-las-23.25.19-e1592188996744-1012x1024.png\" class=\"attachment-large size-large wp-image-425\" alt=\"\" srcset=\"https:\/\/urzualeal.com\/wp-content\/uploads\/2019\/03\/Captura-de-pantalla-2019-03-25-a-las-23.25.19-e1592188996744-1012x1024.png 1012w, https:\/\/urzualeal.com\/wp-content\/uploads\/2019\/03\/Captura-de-pantalla-2019-03-25-a-las-23.25.19-e1592188996744-296x300.png 296w, https:\/\/urzualeal.com\/wp-content\/uploads\/2019\/03\/Captura-de-pantalla-2019-03-25-a-las-23.25.19-e1592188996744-768x777.png 768w, https:\/\/urzualeal.com\/wp-content\/uploads\/2019\/03\/Captura-de-pantalla-2019-03-25-a-las-23.25.19-e1592188996744.png 1345w\" sizes=\"(max-width: 1012px) 100vw, 1012px\" \/>\t\t\t\t\t\t\t\t\t\t\t\t\t\t\t<\/div>\n\t\t\t\t<\/div>\n\t\t\t\t\t<\/div>\n\t\t<\/div>\n\t\t\t\t\t\t\t<\/div>\n\t\t<\/section>\n\t\t\t\t\t\t\t<\/div>\n\t\t","protected":false},"excerpt":{"rendered":"<p>\u00bfQUI\u00c9NES SOMOS? KARINA LEAL 2O A\u00d1OS EJERCIENDO PROFESIONALMENTE\u00a0 Egresada de la Universidad de Guadalajara Miembro del Colegio de Abogados &#8220;Dionisio Nu\u00f1ez Verdin&#8221; desde su creaci\u00f3n hasta la fecha. Con m\u00e1s de 21 diplomados validados por la Direcci\u00f3n de Profesiones del Estado de Jalisco, en materia Familiar y Sucesiones. Tutris, Cuatriz y Albacea autorizada por el &hellip;<\/p>\n<p class=\"read-more\"> <a class=\"\" href=\"https:\/\/urzualeal.com\/index.php\/about\/\"> <span class=\"screen-reader-text\">About<\/span> Leer m\u00e1s &raquo;<\/a><\/p>\n","protected":false},"author":1,"featured_media":0,"parent":0,"menu_order":0,"comment_status":"closed","ping_status":"closed","template":"","meta":{"_uag_custom_page_level_css":"","site-sidebar-layout":"no-sidebar","site-content-layout":"page-builder","ast-site-content-layout":"","site-content-style":"default","site-sidebar-style":"default","ast-global-header-display":"","ast-banner-title-visibility":"","ast-main-header-display":"","ast-hfb-above-header-display":"","ast-hfb-below-header-display":"","ast-hfb-mobile-header-display":"","site-post-title":"disabled","ast-breadcrumbs-content":"","ast-featured-img":"disabled","footer-sml-layout":"","theme-transparent-header-meta":"enabled","adv-header-id-meta":"","stick-header-meta":"","header-above-stick-meta":"","header-main-stick-meta":"","header-below-stick-meta":"","astra-migrate-meta-layouts":"default","ast-page-background-enabled":"default","ast-page-background-meta":{"desktop":{"background-color":"","background-image":"","background-repeat":"repeat","background-position":"center center","background-size":"auto","background-attachment":"scroll","background-type":"","background-media":"","overlay-type":"","overlay-color":"","overlay-gradient":""},"tablet":{"background-color":"","background-image":"","background-repeat":"repeat","background-position":"center center","background-size":"auto","background-attachment":"scroll","background-type":"","background-media":"","overlay-type":"","overlay-color":"","overlay-gradient":""},"mobile":{"background-color":"","background-image":"","background-repeat":"repeat","background-position":"center center","background-size":"auto","background-attachment":"scroll","background-type":"","background-media":"","overlay-type":"","overlay-color":"","overlay-gradient":""}},"ast-content-background-meta":{"desktop":{"background-color":"var(--ast-global-color-5)","background-image":"","background-repeat":"repeat","background-position":"center center","background-size":"auto","background-attachment":"scroll","background-type":"","background-media":"","overlay-type":"","overlay-color":"","overlay-gradient":""},"tablet":{"background-color":"var(--ast-global-color-5)","background-image":"","background-repeat":"repeat","background-position":"center center","background-size":"auto","background-attachment":"scroll","background-type":"","background-media":"","overlay-type":"","overlay-color":"","overlay-gradient":""},"mobile":{"background-color":"var(--ast-global-color-5)","background-image":"","background-repeat":"repeat","background-position":"center center","background-size":"auto","background-attachment":"scroll","background-type":"","background-media":"","overlay-type":"","overlay-color":"","overlay-gradient":""}},"footnotes":""},"class_list":["post-288","page","type-page","status-publish","hentry"],"yoast_head":"<!-- This site is optimized with the Yoast SEO plugin v21.7 - https:\/\/yoast.com\/wordpress\/plugins\/seo\/ -->\n<title>About - URZUA &amp; LEAL Abogados<\/title>\n<meta name=\"description\" content=\"Abogados especialistas URZUA &amp; LEAL Abogados\" \/>\n<meta name=\"robots\" content=\"index, follow, max-snippet:-1, max-image-preview:large, max-video-preview:-1\" \/>\n<link rel=\"canonical\" href=\"https:\/\/urzualeal.com\/index.php\/about\/\" \/>\n<meta property=\"og:locale\" content=\"es_MX\" \/>\n<meta property=\"og:type\" content=\"article\" \/>\n<meta property=\"og:title\" content=\"About - URZUA &amp; LEAL Abogados\" \/>\n<meta property=\"og:description\" content=\"Abogados especialistas URZUA &amp; LEAL Abogados\" \/>\n<meta property=\"og:url\" content=\"https:\/\/urzualeal.com\/index.php\/about\/\" \/>\n<meta property=\"og:site_name\" content=\"URZUA &amp; LEAL Abogados\" \/>\n<meta property=\"article:publisher\" content=\"https:\/\/www.facebook.com\/urzualeal.asociadossc?mibextid=LQQJ4d\" \/>\n<meta property=\"article:modified_time\" content=\"2020-06-14T22:53:49+00:00\" \/>\n<meta property=\"og:image\" content=\"http:\/\/urzualeal.com\/wp-content\/uploads\/2019\/03\/Captura-de-pantalla-2019-03-25-a-las-23.18.45-681x1024.png\" \/>\n<meta name=\"twitter:card\" content=\"summary_large_image\" \/>\n<meta name=\"twitter:site\" content=\"@urzualeal_ab\" \/>\n<meta name=\"twitter:label1\" content=\"Tiempo de lectura\" \/>\n\t<meta name=\"twitter:data1\" content=\"1 minuto\" \/>\n<script type=\"application\/ld+json\" class=\"yoast-schema-graph\">{\"@context\":\"https:\/\/schema.org\",\"@graph\":[{\"@type\":\"WebPage\",\"@id\":\"https:\/\/urzualeal.com\/index.php\/about\/\",\"url\":\"https:\/\/urzualeal.com\/index.php\/about\/\",\"name\":\"About - URZUA &amp; LEAL Abogados\",\"isPartOf\":{\"@id\":\"http:\/\/urzualeal.com\/#website\"},\"datePublished\":\"2018-11-27T09:17:08+00:00\",\"dateModified\":\"2020-06-14T22:53:49+00:00\",\"description\":\"Abogados especialistas URZUA &amp; LEAL Abogados\",\"breadcrumb\":{\"@id\":\"https:\/\/urzualeal.com\/index.php\/about\/#breadcrumb\"},\"inLanguage\":\"es\",\"potentialAction\":[{\"@type\":\"ReadAction\",\"target\":[\"https:\/\/urzualeal.com\/index.php\/about\/\"]}]},{\"@type\":\"BreadcrumbList\",\"@id\":\"https:\/\/urzualeal.com\/index.php\/about\/#breadcrumb\",\"itemListElement\":[{\"@type\":\"ListItem\",\"position\":1,\"name\":\"Inicio\",\"item\":\"http:\/\/urzualeal.com\/\"},{\"@type\":\"ListItem\",\"position\":2,\"name\":\"About\"}]},{\"@type\":\"WebSite\",\"@id\":\"http:\/\/urzualeal.com\/#website\",\"url\":\"http:\/\/urzualeal.com\/\",\"name\":\"URZUA & LEAL Abogados\",\"description\":\"Despacho de abogados.\",\"publisher\":{\"@id\":\"http:\/\/urzualeal.com\/#organization\"},\"alternateName\":\"U & L ABOGADOS\",\"potentialAction\":[{\"@type\":\"SearchAction\",\"target\":{\"@type\":\"EntryPoint\",\"urlTemplate\":\"http:\/\/urzualeal.com\/?s={search_term_string}\"},\"query-input\":\"required name=search_term_string\"}],\"inLanguage\":\"es\"},{\"@type\":\"Organization\",\"@id\":\"http:\/\/urzualeal.com\/#organization\",\"name\":\"URZUA & LEAL Abogados\",\"alternateName\":\"U & L ABOGADOS\",\"url\":\"http:\/\/urzualeal.com\/\",\"logo\":{\"@type\":\"ImageObject\",\"inLanguage\":\"es\",\"@id\":\"http:\/\/urzualeal.com\/#\/schema\/logo\/image\/\",\"url\":\"https:\/\/urzualeal.com\/wp-content\/uploads\/2019\/01\/LOGOTIPO-PNG-e1592233543268.png\",\"contentUrl\":\"https:\/\/urzualeal.com\/wp-content\/uploads\/2019\/01\/LOGOTIPO-PNG-e1592233543268.png\",\"width\":430,\"height\":333,\"caption\":\"URZUA & LEAL Abogados\"},\"image\":{\"@id\":\"http:\/\/urzualeal.com\/#\/schema\/logo\/image\/\"},\"sameAs\":[\"https:\/\/www.facebook.com\/urzualeal.asociadossc?mibextid=LQQJ4d\",\"https:\/\/twitter.com\/urzualeal_ab\",\"https:\/\/www.instagram.com\/urzualeal_ab\/\"]}]}<\/script>\n<!-- \/ Yoast SEO plugin. -->","yoast_head_json":{"title":"About - URZUA &amp; LEAL Abogados","description":"Abogados especialistas URZUA &amp; LEAL Abogados","robots":{"index":"index","follow":"follow","max-snippet":"max-snippet:-1","max-image-preview":"max-image-preview:large","max-video-preview":"max-video-preview:-1"},"canonical":"https:\/\/urzualeal.com\/index.php\/about\/","og_locale":"es_MX","og_type":"article","og_title":"About - URZUA &amp; LEAL Abogados","og_description":"Abogados especialistas URZUA &amp; LEAL Abogados","og_url":"https:\/\/urzualeal.com\/index.php\/about\/","og_site_name":"URZUA &amp; LEAL Abogados","article_publisher":"https:\/\/www.facebook.com\/urzualeal.asociadossc?mibextid=LQQJ4d","article_modified_time":"2020-06-14T22:53:49+00:00","og_image":[{"url":"http:\/\/urzualeal.com\/wp-content\/uploads\/2019\/03\/Captura-de-pantalla-2019-03-25-a-las-23.18.45-681x1024.png"}],"twitter_card":"summary_large_image","twitter_site":"@urzualeal_ab","twitter_misc":{"Tiempo de lectura":"1 minuto"},"schema":{"@context":"https:\/\/schema.org","@graph":[{"@type":"WebPage","@id":"https:\/\/urzualeal.com\/index.php\/about\/","url":"https:\/\/urzualeal.com\/index.php\/about\/","name":"About - URZUA &amp; LEAL Abogados","isPartOf":{"@id":"http:\/\/urzualeal.com\/#website"},"datePublished":"2018-11-27T09:17:08+00:00","dateModified":"2020-06-14T22:53:49+00:00","description":"Abogados especialistas URZUA &amp; LEAL Abogados","breadcrumb":{"@id":"https:\/\/urzualeal.com\/index.php\/about\/#breadcrumb"},"inLanguage":"es","potentialAction":[{"@type":"ReadAction","target":["https:\/\/urzualeal.com\/index.php\/about\/"]}]},{"@type":"BreadcrumbList","@id":"https:\/\/urzualeal.com\/index.php\/about\/#breadcrumb","itemListElement":[{"@type":"ListItem","position":1,"name":"Inicio","item":"http:\/\/urzualeal.com\/"},{"@type":"ListItem","position":2,"name":"About"}]},{"@type":"WebSite","@id":"http:\/\/urzualeal.com\/#website","url":"http:\/\/urzualeal.com\/","name":"URZUA & LEAL Abogados","description":"Despacho de abogados.","publisher":{"@id":"http:\/\/urzualeal.com\/#organization"},"alternateName":"U & L ABOGADOS","potentialAction":[{"@type":"SearchAction","target":{"@type":"EntryPoint","urlTemplate":"http:\/\/urzualeal.com\/?s={search_term_string}"},"query-input":"required name=search_term_string"}],"inLanguage":"es"},{"@type":"Organization","@id":"http:\/\/urzualeal.com\/#organization","name":"URZUA & LEAL Abogados","alternateName":"U & L ABOGADOS","url":"http:\/\/urzualeal.com\/","logo":{"@type":"ImageObject","inLanguage":"es","@id":"http:\/\/urzualeal.com\/#\/schema\/logo\/image\/","url":"https:\/\/urzualeal.com\/wp-content\/uploads\/2019\/01\/LOGOTIPO-PNG-e1592233543268.png","contentUrl":"https:\/\/urzualeal.com\/wp-content\/uploads\/2019\/01\/LOGOTIPO-PNG-e1592233543268.png","width":430,"height":333,"caption":"URZUA & LEAL Abogados"},"image":{"@id":"http:\/\/urzualeal.com\/#\/schema\/logo\/image\/"},"sameAs":["https:\/\/www.facebook.com\/urzualeal.asociadossc?mibextid=LQQJ4d","https:\/\/twitter.com\/urzualeal_ab","https:\/\/www.instagram.com\/urzualeal_ab\/"]}]}},"uagb_featured_image_src":{"full":false,"thumbnail":false,"medium":false,"medium_large":false,"large":false,"1536x1536":false,"2048x2048":false},"uagb_author_info":{"display_name":"UrzuaLeal","author_link":"https:\/\/urzualeal.com\/index.php\/author\/wz4nx8trg8\/"},"uagb_comment_info":0,"uagb_excerpt":"\u00bfQUI\u00c9NES SOMOS? KARINA LEAL 2O A\u00d1OS EJERCIENDO PROFESIONALMENTE\u00a0 Egresada de la Universidad de Guadalajara Miembro del Colegio de Abogados &#8220;Dionisio Nu\u00f1ez Verdin&#8221; desde su creaci\u00f3n hasta la fecha. Con m\u00e1s de 21 diplomados validados por la Direcci\u00f3n de Profesiones del Estado de Jalisco, en materia Familiar y Sucesiones. Tutris, Cuatriz y Albacea autorizada por el&hellip;","_links":{"self":[{"href":"https:\/\/urzualeal.com\/index.php\/wp-json\/wp\/v2\/pages\/288","targetHints":{"allow":["GET"]}}],"collection":[{"href":"https:\/\/urzualeal.com\/index.php\/wp-json\/wp\/v2\/pages"}],"about":[{"href":"https:\/\/urzualeal.com\/index.php\/wp-json\/wp\/v2\/types\/page"}],"author":[{"embeddable":true,"href":"https:\/\/urzualeal.com\/index.php\/wp-json\/wp\/v2\/users\/1"}],"replies":[{"embeddable":true,"href":"https:\/\/urzualeal.com\/index.php\/wp-json\/wp\/v2\/comments?post=288"}],"version-history":[{"count":11,"href":"https:\/\/urzualeal.com\/index.php\/wp-json\/wp\/v2\/pages\/288\/revisions"}],"predecessor-version":[{"id":447,"href":"https:\/\/urzualeal.com\/index.php\/wp-json\/wp\/v2\/pages\/288\/revisions\/447"}],"wp:attachment":[{"href":"https:\/\/urzualeal.com\/index.php\/wp-json\/wp\/v2\/media?parent=288"}],"curies":[{"name":"wp","href":"https:\/\/api.w.org\/{rel}","templated":true}]}}